{"id":13,"date":"2025-08-28T03:03:35","date_gmt":"2025-08-28T03:03:35","guid":{"rendered":"https:\/\/thuongmainaman.com\/?page_id=13"},"modified":"2025-09-18T09:41:13","modified_gmt":"2025-09-18T02:41:13","slug":"lien-he","status":"publish","type":"page","link":"https:\/\/thuongmainaman.com\/en\/lien-he\/","title":{"rendered":"Contact"},"content":{"rendered":"<div id=\"ez-toc-container\" class=\"ez-toc-v2_0_76 counter-hierarchy ez-toc-counter ez-toc-grey ez-toc-container-direction\">\n<div class=\"ez-toc-title-container\">\n<p class=\"ez-toc-title\" style=\"cursor:inherit\">Table of Contents<\/p>\n<span class=\"ez-toc-title-toggle\"><a href=\"#\" class=\"ez-toc-pull-right ez-toc-btn ez-toc-btn-xs ez-toc-btn-default ez-toc-toggle\" aria-label=\"Toggle Table of Content\"><span class=\"ez-toc-js-icon-con\"><span class=\"\"><span class=\"eztoc-hide\" style=\"display:none;\">Toggle<\/span><span class=\"ez-toc-icon-toggle-span\"><svg style=\"fill: #999;color:#999\" xmlns=\"http:\/\/www.w3.org\/2000\/svg\" class=\"list-377408\" width=\"20px\" height=\"20px\" viewbox=\"0 0 24 24\" fill=\"none\"><path d=\"M6 6H4v2h2V6zm14 0H8v2h12V6zM4 11h2v2H4v-2zm16 0H8v2h12v-2zM4 16h2v2H4v-2zm16 0H8v2h12v-2z\" fill=\"currentColor\"><\/path><\/svg><svg style=\"fill: #999;color:#999\" class=\"arrow-unsorted-368013\" xmlns=\"http:\/\/www.w3.org\/2000\/svg\" width=\"10px\" height=\"10px\" viewbox=\"0 0 24 24\" version=\"1.2\" baseprofile=\"tiny\"><path d=\"M18.2 9.3l-6.2-6.3-6.2 6.3c-.2.2-.3.4-.3.7s.1.5.3.7c.2.2.4.3.7.3h11c.3 0 .5-.1.7-.3.2-.2.3-.5.3-.7s-.1-.5-.3-.7zM5.8 14.7l6.2 6.3 6.2-6.3c.2-.2.3-.5.3-.7s-.1-.5-.3-.7c-.2-.2-.4-.3-.7-.3h-11c-.3 0-.5.1-.7.3-.2.2-.3.5-.3.7s.1.5.3.7z\"\/><\/svg><\/span><\/span><\/span><\/a><\/span><\/div>\n<nav><ul class='ez-toc-list ez-toc-list-level-1' ><ul class='ez-toc-list-level-6' ><li class='ez-toc-heading-level-6'><ul class='ez-toc-list-level-6' ><li class='ez-toc-heading-level-6'><ul class='ez-toc-list-level-6' ><li class='ez-toc-heading-level-6'><a class=\"ez-toc-link ez-toc-heading-1\" href=\"https:\/\/thuongmainaman.com\/en\/lien-he\/#CONG_TY_TNHH_TRUYEN_THONG_VA_THUONG_MAI_NAM_AN\" >NAM AN COMMUNICATION AND TRADING COMPANY LIMITED<\/a><\/li><\/ul><\/li><\/ul><\/li><\/ul><\/li><li class='ez-toc-page-1 ez-toc-heading-level-3'><a class=\"ez-toc-link ez-toc-heading-2\" href=\"https:\/\/thuongmainaman.com\/en\/lien-he\/#Dang_ky_tu_van\" >Sign up for consultation<\/a><\/li><li class='ez-toc-page-1 ez-toc-heading-level-3'><a class=\"ez-toc-link ez-toc-heading-3\" href=\"https:\/\/thuongmainaman.com\/en\/lien-he\/#Lien_he_voi_chung_toi\" >Contact us<\/a><\/li><\/ul><\/nav><\/div>\n<h6 class=\"wp-block-heading\"><span class=\"ez-toc-section\" id=\"CONG_TY_TNHH_TRUYEN_THONG_VA_THUONG_MAI_NAM_AN\"><\/span>NAM AN COMMUNICATION AND TRADING COMPANY LIMITED<span class=\"ez-toc-section-end\"><\/span><\/h6>\n\n<h3 class=\"wp-block-heading\"><span class=\"ez-toc-section\" id=\"Dang_ky_tu_van\"><\/span>Sign up for consultation<span class=\"ez-toc-section-end\"><\/span><\/h3>\n\n<h3 class=\"wp-block-heading\"><span class=\"ez-toc-section\" id=\"Lien_he_voi_chung_toi\"><\/span>Contact us<span class=\"ez-toc-section-end\"><\/span><\/h3>\n\n<p><iframe src=\"https:\/\/www.google.com\/maps\/embed?pb=!1m18!1m12!1m3!1d2215.2841921606478!2d105.75613922186467!3d20.96660342310672!2m3!1f0!2f0!3f0!3m2!1i1024!2i768!4f13.1!3m3!1m2!1s0x313452e089a78155%3A0x43b33c44c74307b!2zMTkyIMSQLiBMw6ogVHLhu41uZyBU4bqlbiwgTGEgS2jDqiwgSMOgIMSQw7RuZywgSMOgIE7hu5lpIDEwMDAwLCBWaeG7h3QgTmFt!5e0!3m2!1svi!2s!4v1758081751553!5m2!1svi!2s\" width=\"100%\" height=\"450\" style=\"border:0;\" allowfullscreen=\"\" loading=\"lazy\" referrerpolicy=\"no-referrer-when-downgrade\"><\/iframe><\/p>","protected":false},"excerpt":{"rendered":"<p>C\u00d4NG TY TNHH TRUY\u1ec0N TH\u00d4NG V\u00c0 TH\u01af\u01a0NG M\u1ea0I NAM AN \u0110\u0103ng k\u00fd t\u01b0 v\u1ea5n Li\u00ean h\u1ec7 v\u1edbi ch\u00fang t\u00f4i<\/p>","protected":false},"author":2,"featured_media":0,"parent":0,"menu_order":0,"comment_status":"closed","ping_status":"closed","template":"","meta":{"footnotes":""},"class_list":["post-13","page","type-page","status-publish","hentry"],"_links":{"self":[{"href":"https:\/\/thuongmainaman.com\/en\/wp-json\/wp\/v2\/pages\/13","targetHints":{"allow":["GET"]}}],"collection":[{"href":"https:\/\/thuongmainaman.com\/en\/wp-json\/wp\/v2\/pages"}],"about":[{"href":"https:\/\/thuongmainaman.com\/en\/wp-json\/wp\/v2\/types\/page"}],"author":[{"embeddable":true,"href":"https:\/\/thuongmainaman.com\/en\/wp-json\/wp\/v2\/users\/2"}],"replies":[{"embeddable":true,"href":"https:\/\/thuongmainaman.com\/en\/wp-json\/wp\/v2\/comments?post=13"}],"version-history":[{"count":22,"href":"https:\/\/thuongmainaman.com\/en\/wp-json\/wp\/v2\/pages\/13\/revisions"}],"predecessor-version":[{"id":965,"href":"https:\/\/thuongmainaman.com\/en\/wp-json\/wp\/v2\/pages\/13\/revisions\/965"}],"wp:attachment":[{"href":"https:\/\/thuongmainaman.com\/en\/wp-json\/wp\/v2\/media?parent=13"}],"curies":[{"name":"wp","href":"https:\/\/api.w.org\/{rel}","templated":true}]}}